{"id":48,"date":"2020-09-01T22:08:54","date_gmt":"2020-09-01T20:08:54","guid":{"rendered":"http:\/\/champed.cluster028.hosting.ovh.net\/?page_id=48"},"modified":"2020-09-16T19:10:00","modified_gmt":"2020-09-16T17:10:00","slug":"situation","status":"publish","type":"page","link":"http:\/\/champed.cluster028.hosting.ovh.net\/index.php\/situation\/","title":{"rendered":"Situation"},"content":{"rendered":"\n<p>La commune de Champ\u00e9ti\u00e8res est une petite commune auvergnate, situ\u00e9e au coeur du Parc Naturel Ambert Livradois-Forez. Elle compte actuellement 272 r\u00e9sidents. La superficie de la commune de Champ\u00e9ti\u00e8res est de 18.45 km\u00b2. La densit\u00e9 de population est de 14.74 habitants par km\u00b2. Le Bourg de Champ\u00e9ti\u00e8res est situ\u00e9 \u00e0 700m environ d&#8217;altitude, tandis que l&#8217;altitude la plus basse est de 534m (Le Verdier) et l&#8217;altitude maximum de 1205 m (Les Besseyres).<\/p>\n\n\n\n<p><strong>Lieux-dits de la commune :<\/strong><\/p>\n\n\n\n<p>Les Besseyres, le Bourg, le Bouy, le Bret, Chabagnat, Chavagnat, le Chalet, le Ch\u00e2telet, Collangettes, la Fr\u00e9tisse, le Grand Champ, la Grattade, Jarsaillon, le Mas, Notre-Dame de Mons, Pradelles, Pr\u00e9jurade, Susmontargues, Thioli\u00e8res, le Verdier, Villecourty.<\/p>\n\n\n\n<p>Ses communes limitrophes sont Chambon-sur-Dolore, Marsac-en-Livradois, Le Monestier et Saint-Ferr\u00e9ol-des-C\u00f4tes.<\/p>\n\n\n<p><!--EndFragment--><\/p>\n<p><\/p>","protected":false},"excerpt":{"rendered":"<p>La commune de Champ\u00e9ti\u00e8res est une petite commune auvergnate, situ\u00e9e au coeur du Parc Naturel Ambert Livradois-Forez. Elle compte actuellement 272 r\u00e9sidents. La superficie de la commune de Champ\u00e9ti\u00e8res est &hellip; <\/p>\n<p class=\"link-more\"><a href=\"http:\/\/champed.cluster028.hosting.ovh.net\/index.php\/situation\/\" class=\"more-link\">Continue reading<span class=\"screen-reader-text\"> &#8220;Situation&#8221;<\/span><\/a><\/p>\n","protected":false},"author":1,"featured_media":0,"parent":0,"menu_order":0,"comment_status":"closed","ping_status":"closed","template":"","meta":[],"_links":{"self":[{"href":"http:\/\/champed.cluster028.hosting.ovh.net\/index.php\/wp-json\/wp\/v2\/pages\/48"}],"collection":[{"href":"http:\/\/champed.cluster028.hosting.ovh.net\/index.php\/wp-json\/wp\/v2\/pages"}],"about":[{"href":"http:\/\/champed.cluster028.hosting.ovh.net\/index.php\/wp-json\/wp\/v2\/types\/page"}],"author":[{"embeddable":true,"href":"http:\/\/champed.cluster028.hosting.ovh.net\/index.php\/wp-json\/wp\/v2\/users\/1"}],"replies":[{"embeddable":true,"href":"http:\/\/champed.cluster028.hosting.ovh.net\/index.php\/wp-json\/wp\/v2\/comments?post=48"}],"version-history":[{"count":5,"href":"http:\/\/champed.cluster028.hosting.ovh.net\/index.php\/wp-json\/wp\/v2\/pages\/48\/revisions"}],"predecessor-version":[{"id":85,"href":"http:\/\/champed.cluster028.hosting.ovh.net\/index.php\/wp-json\/wp\/v2\/pages\/48\/revisions\/85"}],"wp:attachment":[{"href":"http:\/\/champed.cluster028.hosting.ovh.net\/index.php\/wp-json\/wp\/v2\/media?parent=48"}],"curies":[{"name":"wp","href":"https:\/\/api.w.org\/{rel}","templated":true}]}}